{"id":594,"date":"2023-05-04T09:51:03","date_gmt":"2023-05-04T09:51:03","guid":{"rendered":"https:\/\/fundesemgt.org\/?page_id=594"},"modified":"2023-05-04T15:51:46","modified_gmt":"2023-05-04T15:51:46","slug":"sobre-fundesem-2","status":"publish","type":"page","link":"https:\/\/fundesemgt.org\/?page_id=594","title":{"rendered":"Acerca de nosotros"},"content":{"rendered":"\t\t<div data-elementor-type=\"wp-page\" data-elementor-id=\"594\" class=\"elementor elementor-594\">\n\t\t\t\t\t\t\t\t\t<section class=\"elementor-section elementor-top-section elementor-element elementor-element-fd944f5 elementor-section-boxed elementor-section-height-default elementor-section-height-default\" data-id=\"fd944f5\" data-element_type=\"section\">\n\t\t\t\t\t\t<div class=\"elementor-container elementor-column-gap-default\">\n\t\t\t\t\t<div class=\"elementor-column elementor-col-100 elementor-top-column elementor-element elementor-element-723351e\" data-id=\"723351e\" data-element_type=\"column\">\n\t\t\t<div class=\"elementor-widget-wrap elementor-element-populated\">\n\t\t\t\t\t\t\t\t<div class=\"elementor-element elementor-element-d35e6d1 elementor-widget elementor-widget-image\" data-id=\"d35e6d1\" data-element_type=\"widget\" data-widget_type=\"image.default\">\n\t\t\t\t<div class=\"elementor-widget-container\">\n\t\t\t<style>\/*! elementor - v3.14.0 - 26-06-2023 *\/\n.elementor-widget-image{text-align:center}.elementor-widget-image a{display:inline-block}.elementor-widget-image a img[src$=\".svg\"]{width:48px}.elementor-widget-image img{vertical-align:middle;display:inline-block}<\/style>\t\t\t\t\t\t\t\t\t\t\t\t<img loading=\"lazy\" decoding=\"async\" width=\"545\" height=\"1024\" src=\"https:\/\/fundesemgt.org\/wp-content\/uploads\/2023\/03\/WhatsApp-Image-2023-02-17-at-13.07.17-e1681019055459-545x1024.jpeg\" class=\"attachment-large size-large wp-image-631\" alt=\"\" srcset=\"https:\/\/fundesemgt.org\/wp-content\/uploads\/2023\/03\/WhatsApp-Image-2023-02-17-at-13.07.17-e1681019055459-545x1024.jpeg 545w, https:\/\/fundesemgt.org\/wp-content\/uploads\/2023\/03\/WhatsApp-Image-2023-02-17-at-13.07.17-e1681019055459-160x300.jpeg 160w, https:\/\/fundesemgt.org\/wp-content\/uploads\/2023\/03\/WhatsApp-Image-2023-02-17-at-13.07.17-e1681019055459.jpeg 681w\" sizes=\"auto, (max-width: 545px) 100vw, 545px\" \/>\t\t\t\t\t\t\t\t\t\t\t\t\t\t\t<\/div>\n\t\t\t\t<\/div>\n\t\t\t\t\t<\/div>\n\t\t<\/div>\n\t\t\t\t\t\t\t<\/div>\n\t\t<\/section>\n\t\t\t\t<section class=\"elementor-section elementor-top-section elementor-element elementor-element-7468180 elementor-section-boxed elementor-section-height-default elementor-section-height-default\" data-id=\"7468180\" data-element_type=\"section\">\n\t\t\t\t\t\t<div class=\"elementor-container elementor-column-gap-default\">\n\t\t\t\t\t<div class=\"elementor-column elementor-col-100 elementor-top-column elementor-element elementor-element-7050667\" data-id=\"7050667\" data-element_type=\"column\">\n\t\t\t<div class=\"elementor-widget-wrap\">\n\t\t\t\t\t\t\t\t\t<\/div>\n\t\t<\/div>\n\t\t\t\t\t\t\t<\/div>\n\t\t<\/section>\n\t\t\t\t<section class=\"elementor-section elementor-top-section elementor-element elementor-element-90ecd35 elementor-section-boxed elementor-section-height-default elementor-section-height-default\" data-id=\"90ecd35\" data-element_type=\"section\">\n\t\t\t\t\t\t<div class=\"elementor-container elementor-column-gap-default\">\n\t\t\t\t\t<div class=\"elementor-column elementor-col-100 elementor-top-column elementor-element elementor-element-7d0dbfa\" data-id=\"7d0dbfa\" data-element_type=\"column\">\n\t\t\t<div class=\"elementor-widget-wrap elementor-element-populated\">\n\t\t\t\t\t\t\t\t<div class=\"elementor-element elementor-element-84a9700 elementor-widget elementor-widget-text-editor\" data-id=\"84a9700\" data-element_type=\"widget\" data-widget_type=\"text-editor.default\">\n\t\t\t\t<div class=\"elementor-widget-container\">\n\t\t\t<style>\/*! elementor - v3.14.0 - 26-06-2023 *\/\n.elementor-widget-text-editor.elementor-drop-cap-view-stacked .elementor-drop-cap{background-color:#69727d;color:#fff}.elementor-widget-text-editor.elementor-drop-cap-view-framed .elementor-drop-cap{color:#69727d;border:3px solid;background-color:transparent}.elementor-widget-text-editor:not(.elementor-drop-cap-view-default) .elementor-drop-cap{margin-top:8px}.elementor-widget-text-editor:not(.elementor-drop-cap-view-default) .elementor-drop-cap-letter{width:1em;height:1em}.elementor-widget-text-editor .elementor-drop-cap{float:left;text-align:center;line-height:1;font-size:50px}.elementor-widget-text-editor .elementor-drop-cap-letter{display:inline-block}<\/style>\t\t\t\t<p>FUNDESEM es una organizaci\u00f3n de car\u00e1cter privado, sin fines de lucro, apol\u00edtica y no partidista, con fines de proyecci\u00f3n social, cient\u00edfica y de asistencia humanitaria. Fue establecida en el a\u00f1o 2010 por la iniciativa de un grupo de guatemaltecos visionarios que confiaron en aportar tanto a los procesos de desarrollo de las poblaciones m\u00e1s desfavorecidas, como a la conservaci\u00f3n y manejo de los recursos naturales en las regiones amenazadas por los fen\u00f3menos del cambio clim\u00e1tico y la desertificaci\u00f3n.<\/p><p>Nacimos a la vida jur\u00eddica el 30 de septiembre de 2010 por medio del Acuerdo Ministerial No. 229-2010 del Ministerio de Gobernaci\u00f3n de la Rep\u00fablica de Guatemala.<\/p><p>Nuestro objetivo es proporcionar asistencia en el mejoramiento de las condiciones de salud, seguridad&nbsp;alimentaria, entorno ambiental y recursos naturales de las poblaciones que viven en condiciones de pobreza y pobreza extrema, en las \u00e1reas y territorios afectados por el cambio clim\u00e1tico.<\/p>\t\t\t\t\t\t<\/div>\n\t\t\t\t<\/div>\n\t\t\t\t\t<\/div>\n\t\t<\/div>\n\t\t\t\t\t\t\t<\/div>\n\t\t<\/section>\n\t\t\t\t<section class=\"elementor-section elementor-top-section elementor-element elementor-element-cb4e02f elementor-section-boxed elementor-section-height-default elementor-section-height-default\" data-id=\"cb4e02f\" data-element_type=\"section\">\n\t\t\t\t\t\t<div class=\"elementor-container elementor-column-gap-default\">\n\t\t\t\t\t<div class=\"elementor-column elementor-col-100 elementor-top-column elementor-element elementor-element-06a9d82\" data-id=\"06a9d82\" data-element_type=\"column\">\n\t\t\t<div class=\"elementor-widget-wrap elementor-element-populated\">\n\t\t\t\t\t\t\t\t<div class=\"elementor-element elementor-element-9be5caa elementor-widget elementor-widget-text-editor\" data-id=\"9be5caa\" data-element_type=\"widget\" data-widget_type=\"text-editor.default\">\n\t\t\t\t<div class=\"elementor-widget-container\">\n\t\t\t\t\t\t\t<p><b>Nuestra visi\u00f3n<\/b><\/p>\n<p>Somos una organizaci\u00f3n que contribuye al desarrollo econ\u00f3mico, social, integral y sostenible de las&nbsp;poblaciones rurales de la&nbsp;<strong>regi\u00f3n Mesoamericana<\/strong>, vulnerables a los efectos del cambio clim\u00e1tico. Buscamos fortalecer sus capacidades y resiliencia para facilitar su acceso a bienes y servicios naturales&nbsp;en forma sostenida que les permitan una mejor calidad de vida.<\/p>\n<p><b>Nuestra misi\u00f3n<\/b><br><\/p>\n<p>Ser una organizaci\u00f3n al servicio de la poblaci\u00f3n m\u00e1s vulnerable a los efectos del cambio clim\u00e1tico, la&nbsp;degradaci\u00f3n del ambiente y los recursos naturales en Guatemala, que contribuye al desarrollo econ\u00f3mico, social, integral y sostenible, a trav\u00e9s de la implementaci\u00f3n de programas, proyectos de&nbsp;asistencia t\u00e9cnica, capacitaci\u00f3n e investigaci\u00f3n aplicada, para el fortalecimiento de capacidades&nbsp;individuales e institucionales de adaptaci\u00f3n a los fen\u00f3menos naturales y mejoramiento de las&nbsp;condiciones socioambientales, as\u00ed como la generaci\u00f3n de bienes y servicios naturales al servicio&nbsp;de la poblaci\u00f3n.<br><\/p>\t\t\t\t\t\t<\/div>\n\t\t\t\t<\/div>\n\t\t\t\t\t<\/div>\n\t\t<\/div>\n\t\t\t\t\t\t\t<\/div>\n\t\t<\/section>\n\t\t\t\t<section class=\"elementor-section elementor-top-section elementor-element elementor-element-5072016 elementor-section-boxed elementor-section-height-default elementor-section-height-default\" data-id=\"5072016\" data-element_type=\"section\">\n\t\t\t\t\t\t<div class=\"elementor-container elementor-column-gap-default\">\n\t\t\t\t\t<div class=\"elementor-column elementor-col-100 elementor-top-column elementor-element elementor-element-1a27fa6\" data-id=\"1a27fa6\" data-element_type=\"column\">\n\t\t\t<div class=\"elementor-widget-wrap elementor-element-populated\">\n\t\t\t\t\t\t\t\t<div class=\"elementor-element elementor-element-e88314d elementor-widget elementor-widget-text-editor\" data-id=\"e88314d\" data-element_type=\"widget\" data-widget_type=\"text-editor.default\">\n\t\t\t\t<div class=\"elementor-widget-container\">\n\t\t\t\t\t\t\t<h4>\u00a1Por una Guatemala m\u00e1s resiliente!<\/h4>\t\t\t\t\t\t<\/div>\n\t\t\t\t<\/div>\n\t\t\t\t\t<\/div>\n\t\t<\/div>\n\t\t\t\t\t\t\t<\/div>\n\t\t<\/section>\n\t\t\t\t\t\t\t<\/div>\n\t\t","protected":false},"excerpt":{"rendered":"<p>FUNDESEM es una organizaci\u00f3n de car\u00e1cter privado, sin fines de lucro, apol\u00edtica y no partidista, con fines de proyecci\u00f3n social, cient\u00edfica y de asistencia humanitaria. Fue establecida en el a\u00f1o&#8230;<\/p>\n","protected":false},"author":1,"featured_media":0,"parent":0,"menu_order":0,"comment_status":"closed","ping_status":"closed","template":"","meta":{"footnotes":""},"class_list":["post-594","page","type-page","status-publish","hentry"],"_links":{"self":[{"href":"https:\/\/fundesemgt.org\/index.php?rest_route=\/wp\/v2\/pages\/594","targetHints":{"allow":["GET"]}}],"collection":[{"href":"https:\/\/fundesemgt.org\/index.php?rest_route=\/wp\/v2\/pages"}],"about":[{"href":"https:\/\/fundesemgt.org\/index.php?rest_route=\/wp\/v2\/types\/page"}],"author":[{"embeddable":true,"href":"https:\/\/fundesemgt.org\/index.php?rest_route=\/wp\/v2\/users\/1"}],"replies":[{"embeddable":true,"href":"https:\/\/fundesemgt.org\/index.php?rest_route=%2Fwp%2Fv2%2Fcomments&post=594"}],"version-history":[{"count":11,"href":"https:\/\/fundesemgt.org\/index.php?rest_route=\/wp\/v2\/pages\/594\/revisions"}],"predecessor-version":[{"id":663,"href":"https:\/\/fundesemgt.org\/index.php?rest_route=\/wp\/v2\/pages\/594\/revisions\/663"}],"wp:attachment":[{"href":"https:\/\/fundesemgt.org\/index.php?rest_route=%2Fwp%2Fv2%2Fmedia&parent=594"}],"curies":[{"name":"wp","href":"https:\/\/api.w.org\/{rel}","templated":true}]}}