{"id":1021,"date":"2023-05-04T21:02:38","date_gmt":"2023-05-04T21:02:38","guid":{"rendered":"https:\/\/fundesemgt.org\/?page_id=1021"},"modified":"2023-05-04T21:16:08","modified_gmt":"2023-05-04T21:16:08","slug":"videos","status":"publish","type":"page","link":"https:\/\/fundesemgt.org\/?page_id=1021","title":{"rendered":"Videos"},"content":{"rendered":"\n<div class=\"wp-block-columns alignwide is-layout-flex wp-container-core-columns-is-layout-829b1d53 wp-block-columns-is-layout-flex\" style=\"margin-bottom:0\">\n<div class=\"wp-block-column has-text-color has-background has-link-color wp-elements-3de6d18d58414a510fa14a69db9ae20e is-layout-flow wp-block-column-is-layout-flow\" style=\"color:#000000;background-color:#cba882;padding-top:2em;padding-right:2em;padding-bottom:2em;padding-left:2em\">\n<h2 class=\"wp-block-heading\" id=\"single\" style=\"font-size:40px\"><strong>5 cosas de las Tortugas<\/strong><\/h2>\n\n\n\n<p class=\"has-normal-font-size\" style=\"line-height:1.5\"><strong>\u00bfSab\u00edas que las tortugas marinas<img loading=\"lazy\" decoding=\"async\" height=\"16\" width=\"16\" src=\"https:\/\/static.xx.fbcdn.net\/images\/emoji.php\/v9\/te5\/1.5\/16\/1f422.png\" alt=\"????\"> son animales de sangre fr\u00eda y utilizan la luz del sol para poder calentar sus cuerpos ya que no son capaces de mantener la temperatura corporal adecuada?<\/strong><\/p>\n\n\n\n<hr class=\"wp-block-separator has-text-color has-css-opacity has-background is-style-wide\" style=\"background-color:#000000;color:#000000\"\/>\n\n\n\n<figure class=\"wp-block-video\"><video height=\"2880\" style=\"aspect-ratio: 2880 \/ 2880;\" width=\"2880\" controls src=\"https:\/\/fundesemgt.org\/wp-content\/uploads\/2023\/05\/5-cosas-de-las-Tortugas.mp4\"><\/video><\/figure>\n<\/div>\n\n\n\n<div class=\"wp-block-column has-text-color has-background has-link-color wp-elements-5c324c915494bc66269f432175ff1b5a is-layout-flow wp-block-column-is-layout-flow\" style=\"color:#000000;background-color:#185929d1;padding-top:2em;padding-right:2em;padding-bottom:2em;padding-left:2em\">\n<h2 class=\"wp-block-heading\" id=\"family\" style=\"font-size:40px\"><strong>Importancia del Manat\u00ed<\/strong><\/h2>\n\n\n\n<p class=\"has-normal-font-size\" style=\"line-height:1.5\"><strong>El manat\u00ed es un mam\u00edfero acu\u00e1tico fascinante que cumple una funci\u00f3n vital en los ecosistemas acu\u00e1ticos. Estamos trabjando para proteger la conservaci\u00f3n de una especie, tambi\u00e9n garantizando la salud de todo un ecosistema<\/strong><\/p>\n\n\n\n<hr class=\"wp-block-separator has-css-opacity is-style-wide\"\/>\n\n\n\n<figure class=\"wp-block-video\"><video height=\"3218\" style=\"aspect-ratio: 2574 \/ 3218;\" width=\"2574\" controls src=\"https:\/\/fundesemgt.org\/wp-content\/uploads\/2023\/05\/Manati-FUNDESEM.mp4\"><\/video><\/figure>\n<\/div>\n<\/div>\n","protected":false},"excerpt":{"rendered":"<p>5 cosas de las Tortugas \u00bfSab\u00edas que las tortugas marinas son animales de sangre fr\u00eda y utilizan la luz del sol para poder calentar sus cuerpos ya que no son&#8230;<\/p>\n","protected":false},"author":1,"featured_media":0,"parent":0,"menu_order":0,"comment_status":"closed","ping_status":"closed","template":"","meta":{"footnotes":""},"class_list":["post-1021","page","type-page","status-publish","hentry"],"_links":{"self":[{"href":"https:\/\/fundesemgt.org\/index.php?rest_route=\/wp\/v2\/pages\/1021","targetHints":{"allow":["GET"]}}],"collection":[{"href":"https:\/\/fundesemgt.org\/index.php?rest_route=\/wp\/v2\/pages"}],"about":[{"href":"https:\/\/fundesemgt.org\/index.php?rest_route=\/wp\/v2\/types\/page"}],"author":[{"embeddable":true,"href":"https:\/\/fundesemgt.org\/index.php?rest_route=\/wp\/v2\/users\/1"}],"replies":[{"embeddable":true,"href":"https:\/\/fundesemgt.org\/index.php?rest_route=%2Fwp%2Fv2%2Fcomments&post=1021"}],"version-history":[{"count":4,"href":"https:\/\/fundesemgt.org\/index.php?rest_route=\/wp\/v2\/pages\/1021\/revisions"}],"predecessor-version":[{"id":1035,"href":"https:\/\/fundesemgt.org\/index.php?rest_route=\/wp\/v2\/pages\/1021\/revisions\/1035"}],"wp:attachment":[{"href":"https:\/\/fundesemgt.org\/index.php?rest_route=%2Fwp%2Fv2%2Fmedia&parent=1021"}],"curies":[{"name":"wp","href":"https:\/\/api.w.org\/{rel}","templated":true}]}}